{"id":295,"date":"2017-07-28T07:56:41","date_gmt":"2017-07-28T07:56:41","guid":{"rendered":"https:\/\/fj-toiture.com\/?page_id=295"},"modified":"2025-12-11T15:42:15","modified_gmt":"2025-12-11T15:42:15","slug":"contact","status":"publish","type":"page","link":"https:\/\/fj-toiture.com\/?page_id=295","title":{"rendered":"Contact"},"content":{"rendered":"<p><section class=\"fw-main-row  ls section_padding_top_100 section_padding_bottom_100 columns_padding_15\"  id=\"#contact\">\n\t\t<div class=\"container\">\n\t\t<div class=\"row\">\n\t\t\t\n    <div class=\"col-sm-6 d-flex justify-content-start text-center\" >\n                <div class=\"padding_20 \">\n            \t<p class=\"text-center  aboveheading\">\n\t<span class=\"  text-uppercase\">\n\t\tContactez Nous\t<\/span>\n\t<\/p>\n\t<h2 class=\"text-center section_header \">\n\t<span class=\"grey  text-uppercase\">\n\t\tNos coordonn\u00e9es\t<\/span>\n\t<\/h2>\n<h4><\/h4><p>&nbsp;<\/p><h3 style=\"text-align: left;\">FJ Toiture<\/h3><p style=\"text-align: left;\"><strong>Steenweg op Mechelen 455\/1<\/strong><br \/><strong>1950 Kraainem<\/strong><\/p><p style=\"text-align: left;\"><strong>Fj.toiture@outlook.com<\/strong><\/p><p style=\"text-align: left;\"><strong>0468 08 93 87\u202c<\/strong><\/p><p style=\"text-align: left;\"><strong>BE 0800.257.522<\/strong><\/p><p>&nbsp;<\/p><a href=\"tel:0468089387\u202c\" target=\"_self\"\n   class=\"theme_button color1 inverse \">\n\t<span>0468 08 93 87\u202c<\/span>\n<\/a>        <\/div>\n        <\/div>\n\n\n\n    <div class=\"col-sm-6 d-flex justify-content-end text-center\" >\n                <div class=\"padding_20 \">\n            \t<p class=\"text-center  aboveheading\">\n\t<span class=\"  text-uppercase\">\n\t\tObtenez un devis\t<\/span>\n\t<\/p>\n\t<h2 class=\"text-center section_header \">\n\t<span class=\"grey  text-uppercase\">\n\t\tFormulaire de contact\t<\/span>\n\t<\/h2>\n<div class=\"form-wrapper  columns_padding_10 input-text-center\">\n\t<form data-fw-form-id=\"fw_form\" data-fw-ext-forms-type=\"contact-forms\"><input type=\"hidden\" name=\"fwf\" value=\"fw_form\" \/><input type=\"hidden\" id=\"_nonce_d57d270aa6a29336152854156ba3061d\" name=\"_nonce_d57d270aa6a29336152854156ba3061d\" value=\"7aecbda7c4\" \/><input type=\"hidden\" name=\"_wp_http_referer\" value=\"\/index.php?rest_route=%2Fwp%2Fv2%2Fpages%2F295\" \/><input type=\"hidden\" name=\"fw_ext_forms_form_type\" value=\"contact-forms\" \/><input type=\"hidden\" name=\"fw_ext_forms_form_id\" value=\"18cb3a27c0d5f2560d0f2fe8b34c35bc\" \/><div class=\"wrap-forms\">\n\t<div class=\"row\"><\/div><div class=\"row\"><div class=\"col-xs-12 col-sm-6 form-builder-item\">\n\t<div class=\"form-group has-placeholder\">\n\t\t<label for=\"id-1\">Nom\t\t\t<sup>*<\/sup>\t\t<\/label>\n\t\t<input class=\"form-control\" type=\"text\" name=\"text_10ef1cc\" placeholder=\"Nom\" value=\"\" id=\"id-1\" required=\"required\">\n\t\t\t<\/div>\n<\/div><div class=\"col-xs-12 col-sm-6 form-builder-item\">\n\t<div class=\"form-group has-placeholder\">\n\t\t<label for=\"id-2\">Pr\u00e9nom\t\t\t<sup>*<\/sup>\t\t<\/label>\n\t\t<input class=\"form-control\" type=\"text\" name=\"text_4653864\" placeholder=\"Pr\u00e9nom\" value=\"\" id=\"id-2\" required=\"required\">\n\t\t\t<\/div>\n<\/div><\/div><div class=\"row\"><div class=\"col-xs-12 col-sm-6 form-builder-item\">\n    <div class=\"form-group has-placeholder\">\n\t\t<label for=\"id-3\">Adresse Email\t\t\t<sup>*<\/sup>\t\t<\/label>\n\t\t<input class=\"form-control\" type=\"text\" name=\"email_69e35cc\" placeholder=\"Adresse Email\" value=\"\" id=\"id-3\" required=\"required\">\n\t\t\t<\/div>\n<\/div><div class=\"col-xs-12 col-sm-6 form-builder-item\">\n    <div class=\"form-group has-placeholder\">\n\t\t<label for=\"id-4\">Num\u00e9ro de T\u00e9l\u00e9phone\t\t\t<sup>*<\/sup>\t\t<\/label>\n\t\t<input class=\"form-control\" type=\"text\" name=\"number_890b4f0\" placeholder=\"Num\u00e9ro de T\u00e9l\u00e9phone\" value=\"\" id=\"id-4\" required=\"required\">\n\t\t\t<\/div>\n<\/div><\/div><div class=\"row\"><div class=\"col-xs-12 form-builder-item\">\n    <div class=\"form-group has-placeholder\">\n\t\t<label for=\"id-5\">Message\t\t\t<sup>*<\/sup>\t\t<\/label>\n\t\t<textarea class=\"form-control\" name=\"textarea_0f831a3\" placeholder=\"Message\" id=\"id-5\" required=\"required\"><\/textarea>\n\t\t\t<\/div>\n<\/div><\/div><div class=\"row\"><\/div><\/div><div class=\"wrap-forms topmargin_30\">\n\t<div class=\"row\">\n\t\t<div class=\"col-sm-12\">\n\t\t\t<input class=\"theme_button wide_button color1\" type=\"submit\" value=\"ENVOYER\" \/>\n\t\t\t\t\t<\/div>\n\t<\/div>\n<\/div><\/form><\/div>        <\/div>\n        <\/div>\n\n\n\t\t<\/div>\n\t<\/div>\n<\/section>\n<section class=\"fw-main-row  ds section_padding_top_100 section_padding_bottom_75 columns_padding_15 columns_margin_bottom_30 background_cover\" style=\"background-image:url(https:\/\/fj-toiture.com\/wp-content\/uploads\/2024\/11\/Design-sans-titre-92.png);\">\n\t\t<div class=\"container\">\n\t\t<div class=\"row\">\n\t\t\t\n    <div class=\"col-sm-6 d-flex justify-content-start text-center\" >\n        <h3 class=\"text-uppercase\">Num\u00e9ro de T\u00e9l\u00e9phone<\/h3><h4>0468\u00a008\u00a093\u00a087\u202c<\/h4>    <\/div>\n\n\n\n    <div class=\"col-sm-6 d-flex justify-content-end text-center\" >\n        <h3 class=\"text-uppercase\">Adresse Email<\/h3><h4>Fj.toiture@outlook.com<\/h4><div id=\"gtx-trans\" style=\"position: absolute; left: 113px; top: 81px;\"><div class=\"gtx-trans-icon\"><\/div><\/div>    <\/div>\n\n\n\t\t<\/div>\n\t<\/div>\n<\/section>\n<\/p>\n\n    <div class=\"xs_social_share_widget xs_share_url after_content \t\tmain_content  wslu-style-1 wslu-share-box-shaped wslu-fill-colored wslu-none wslu-share-horizontal wslu-theme-font-no wslu-main_content\">\n\n\t\t\n        <ul>\n\t\t\t        <\/ul>\n    <\/div> \n","protected":false},"excerpt":{"rendered":"<p>Contactez Nous Nos coordonn\u00e9es &nbsp;FJ ToitureSteenweg op Mechelen 455\/11950 KraainemFj.toiture@outlook.com0468 08 93 87\u202cBE 0800.257.522&nbsp; 0468 08 93 87\u202c Obtenez un devis Formulaire de contact Nom * Pr\u00e9nom * Adresse Email * Num\u00e9ro de T\u00e9l\u00e9phone * Message * Num\u00e9ro de T\u00e9l\u00e9phone0468\u00a008\u00a093\u00a087\u202c Adresse EmailFj.toiture@outlook.com<\/p>\n","protected":false},"author":1,"featured_media":528,"parent":0,"menu_order":0,"comment_status":"closed","ping_status":"closed","template":"page-templates\/full-width.php","meta":{"footnotes":""},"class_list":["post-295","page","type-page","status-publish","has-post-thumbnail","hentry"],"_links":{"self":[{"href":"https:\/\/fj-toiture.com\/index.php?rest_route=\/wp\/v2\/pages\/295","targetHints":{"allow":["GET"]}}],"collection":[{"href":"https:\/\/fj-toiture.com\/index.php?rest_route=\/wp\/v2\/pages"}],"about":[{"href":"https:\/\/fj-toiture.com\/index.php?rest_route=\/wp\/v2\/types\/page"}],"author":[{"embeddable":true,"href":"https:\/\/fj-toiture.com\/index.php?rest_route=\/wp\/v2\/users\/1"}],"replies":[{"embeddable":true,"href":"https:\/\/fj-toiture.com\/index.php?rest_route=%2Fwp%2Fv2%2Fcomments&post=295"}],"version-history":[{"count":24,"href":"https:\/\/fj-toiture.com\/index.php?rest_route=\/wp\/v2\/pages\/295\/revisions"}],"predecessor-version":[{"id":890,"href":"https:\/\/fj-toiture.com\/index.php?rest_route=\/wp\/v2\/pages\/295\/revisions\/890"}],"wp:featuredmedia":[{"embeddable":true,"href":"https:\/\/fj-toiture.com\/index.php?rest_route=\/wp\/v2\/media\/528"}],"wp:attachment":[{"href":"https:\/\/fj-toiture.com\/index.php?rest_route=%2Fwp%2Fv2%2Fmedia&parent=295"}],"curies":[{"name":"wp","href":"https:\/\/api.w.org\/{rel}","templated":true}]}}